{"id":2996,"date":"2021-10-18T12:27:57","date_gmt":"2021-10-18T10:27:57","guid":{"rendered":"https:\/\/xbsgroup.pl?page_id=2996"},"modified":"2021-10-21T12:18:36","modified_gmt":"2021-10-21T10:18:36","slug":"terms-and-conditions","status":"publish","type":"page","link":"https:\/\/xbsgroup.pl\/en\/terms-and-conditions\/","title":{"rendered":"TERMS AND CONDITIONS"},"content":{"rendered":"<p>[et_pb_section fb_built=&#8221;1&#8243; _builder_version=&#8221;4.10.8&#8243; _module_preset=&#8221;default&#8221; global_colors_info=&#8221;{}&#8221;][et_pb_row _builder_version=&#8221;4.10.8&#8243; _module_preset=&#8221;default&#8221; global_colors_info=&#8221;{}&#8221;][et_pb_column type=&#8221;4_4&#8243; _builder_version=&#8221;4.10.8&#8243; _module_preset=&#8221;default&#8221; global_colors_info=&#8221;{}&#8221;][et_pb_text _builder_version=&#8221;4.11.3&#8243; _module_preset=&#8221;default&#8221; hover_enabled=&#8221;0&#8243; global_colors_info=&#8221;{}&#8221; sticky_enabled=&#8221;0&#8243;]<\/p>\n<h1>PROCESSING OF PERSONAL DATA &#8211; TERMS AND CONDITIONS<\/h1>\n<p>[\/et_pb_text][et_pb_text _builder_version=&#8221;4.11.3&#8243; _module_preset=&#8221;default&#8221; text_line_height=&#8221;1.6em&#8221; ol_line_height=&#8221;1.6em&#8221; hover_enabled=&#8221;0&#8243; global_colors_info=&#8221;{}&#8221; sticky_enabled=&#8221;0&#8243;]<\/p>\n<ol>\n<li>The Data Controller is XBS Logistics S.A. with its registered office in Pass 20M, 05-870 B\u0142onie, entered in the Register of Entrepreneurs, KRS (National Court Register) number: 0000162028, for which registration files are kept by XIV Economic Division, NIP (Tax Identification Number): 524-238-06-93, REGON (National Business Regstry Number): 017174675. Data protection takes place in accordance with the requirements of generally applicable laws, and data storage takes place on secure servers.<\/li>\n<li>For the interpretation of terms, the glossary of the Terms and Conditions shall be applied or as described in the Privacy Policy (if this results directly from the description).<\/li>\n<li>For the purpose of better understanding of the Privacy Policy, the term &#8220;User&#8221; has been replaced with &#8220;you&#8221;, &#8220;Controller&#8221; with &#8220;We&#8221;. \u201cGDPR\u201d means Regulation (UE) 2016\/679 of the European Parliament and of the Council of 27.04.2016 on the protection of natural persons with regard to the processing of personal data and on the free movement of such data and repealing Directive 95\/46\/EC.<\/li>\n<li>We respect your right to privacy and are committed to data security. For this purpose, the secure communication encryption protocol (SSL) is used, among other things.<\/li>\n<li>Personal data provided in the form on the landing page are treated as confidential and are not visible to unauthorised persons.<\/li>\n<li>If you submit an enquiry on our website, we process your data such as: given name, surname, email address, telephone number, job title, place of work, IP address.<\/li>\n<li>XBS is also the Data Controller of persons who subscribe to the newsletter.<\/li>\n<li>Personal data shall be processed in accordance with the provisions on personal data protection, in accordance with the implemented Privacy Policy in the scope and for the purpose necessary for the establishment and shaping of the content of the Agreement, amendment or termination thereof and for proper implementation of Services provided electronically, in the scope and for the purpose necessary for the pursuit of legitimate interests (legally justified purposes), and the processing shall not violate the rights and freedoms of the data subject.<\/li>\n<li>Every data subject (if we are the Data Controller) has the right of access, rectification, erasure or restriction of processing, the right to object, the right to lodge a complaint with the supervisory authority.<\/li>\n<li>Contact with the person supervising the processing of personal data in the Service Provider\u2019s organization is possible via e-mail at the following address: <a href=\"mailto:abi@xbslogistics.pl\">abi@xbslogistics.pl<\/a><\/li>\n<li>We reserve the right to process your data after termination of the Agreement or withdrawal of consent only to the extent necessary to assert possible claims in court or if national or EU or international law obliges us to retain the data.<\/li>\n<li>The Service Provider has the right to make the User&#8217;s personal data and other data available to entities authorised under relevant legislation (e.g. law enforcement agencies).<\/li>\n<li>Deletion of personal data may take place as a result of withdrawal of consent or lodging of a legally permissible objection to the processing of personal data.<\/li>\n<li>The Service Provider shall not disclose personal data to any other entities than those authorised under the relevant legislation.<\/li>\n<li>We have implemented pseudonymisation, data encryption and access control to minimise the effects of any data security breaches.<\/li>\n<li>Personal data is only processed by persons authorised by us or by processors with whom we work closely.<\/li>\n<li>The website uses cookies. These are small text files sent by a web server and stored by your browser software. When the browser reconnects to the site, the site recognises the type of device the user is connecting from. The parameters allow only the server that created them to read the information they contain. Cookies therefore simplify the use of previously visited sites.<\/li>\n<li>The information collected includes your IP address, browser type, language, operating system type, internet service provider, time and date information, location, and information submitted to the site via a contact form.<\/li>\n<li>We use the data we collect to monitor and see how users use our sites, to improve how the site works by providing a more efficient and seamless navigation experience. We monitor user information using the Google Analytics tool, which records user behaviour on the website. Cookies often identify you so that the content of the site you are using can be tailored to your needs. By remembering user preferences, they make it possible to tailor advertising to the user. We use cookies to guarantee the highest standard of comfort of our website, and collected data are used only inside XBS Logistics company in order to optimise operations.<\/li>\n<li>We may use the following cookies on our website:<\/li>\n<ul style=\"padding: 5px 0px 5px 25px;\">\n<li>&#8220;necessary&#8221; cookies to enable the use of services available on the site, e.g. authentication cookies used for services that require authentication on the site;<\/li>\n<li>cookies used for security purposes, e.g. used to detect misuse with regard to site authentication;<\/li>\n<li>&#8220;performance&#8221; cookies, which allow the collection of information about the use of the website;<\/li>\n<li>&#8220;functional&#8221; cookies, which allow &#8220;remembering&#8221; the user&#8217;s selected settings and personalizing the user&#8217;s interface, e.g. with regard to the selected language or region of the user&#8217;s origin, the font size, the appearance of the website, etc.,<\/li>\n<\/ul>\n<li>You have the possibility to disable or restore the collection of cookies at any time by changing the settings in your web browser. Instructions on how to manage cookies are available at <a href=\"http:\/\/wszystkoociasteczkach.pl\/\">http:\/\/wszystkoociasteczkach.pl\/<\/a><\/li>\n<\/ol>\n<p>Additional personal data, such as the e-mail address, is only collected where the user has explicitly consented to this by filling in the form. We retain and use the above data only for the purposes necessary to perform the given function.[\/et_pb_text][\/et_pb_column][\/et_pb_row][\/et_pb_section]<\/p>\n","protected":false},"excerpt":{"rendered":"<p>PROCESSING OF PERSONAL DATA &#8211; TERMS AND CONDITIONS The Data Controller is XBS Logistics S.A. with its registered office in Pass 20M, 05-870 B\u0142onie, entered in the Register of Entrepreneurs, KRS (National Court Register) number: 0000162028, for which registration files are kept by XIV Economic Division, NIP (Tax Identification Number): 524-238-06-93, REGON (National Business Regstry [&hellip;]<\/p>\n","protected":false},"author":2,"featured_media":0,"parent":0,"menu_order":0,"comment_status":"closed","ping_status":"closed","template":"","meta":{"_acf_changed":false,"_et_pb_use_builder":"on","_et_pb_old_content":"[et_pb_section fb_built=\"1\" _builder_version=\"4.10.8\" _module_preset=\"default\" global_colors_info=\"{}\"][et_pb_row _builder_version=\"4.10.8\" _module_preset=\"default\" global_colors_info=\"{}\"][et_pb_column type=\"4_4\" _builder_version=\"4.10.8\" _module_preset=\"default\" global_colors_info=\"{}\"][et_pb_text _builder_version=\"4.10.8\" _module_preset=\"default\" hover_enabled=\"0\" global_colors_info=\"{}\" sticky_enabled=\"0\"]<h1>PRZETWARZANIE DANYCH OSOBOWYCH - REGULAMIN<\/h1>[\/et_pb_text][et_pb_text _builder_version=\"4.10.8\" _module_preset=\"default\" hover_enabled=\"0\" global_colors_info=\"{}\" sticky_enabled=\"0\" text_line_height=\"1.6em\" ol_line_height=\"1.6em\"]<ol>\r\n\t<li>Administratorem danych jest XBS Logistics S.A. z siedzib\u0105 w Pass 20M, 05-870 B\u0142onie, wpisanej do Rejestru Przedsi\u0119biorc\u00f3w pod numerem KRS: 0000162028, dla kt\u00f3rej akta rejestrowe prowadzi XIV Wydz. Gosp., NIP: 524-238-06-93, REGON: 017174675. Ochrona danych odbywa si\u0119 zgodnie z wymogami powszechnie obowi\u0105zuj\u0105cych przepis\u00f3w prawa, a ich przechowywanie ma miejsce na zabezpieczonych serwerach.<\/li>\r\n\t<li>Dla interpretacji termin\u00f3w stosuje si\u0119 s\u0142owniczek Regulaminu lub tak jak zosta\u0142o to opisane w Polityce Prywatno\u015bci (je\u017celi wynika to bezpo\u015brednio z opisu).<\/li>\r\n\t<li>Na potrzeby lepszego odbioru Polityki Prywatno\u015bci termin \u201eU\u017cytkownik\u201d zast\u0105piony zosta\u0142 okre\u015bleniem \u201eTy\u201d, \u201eAdministrator\u201d \u2013 \u201eMy\u201d. Termin \u201eRODO\u201d oznacza Rozporz\u0105dzenie Parlamentu Europejskiego i Rady (UE) 2016\/679 z dnia 27 kwietnia 2016 r. w sprawie ochrony os\u00f3b fizycznych w zwi\u0105zku z przetwarzaniem danych osobowych i w sprawie swobodnego przep\u0142ywu takich danych oraz uchylenia dyrektywy 95\/46\/WE.<\/li>\r\n\t<li>Szanujemy prawo do prywatno\u015bci i dbamy o bezpiecze\u0144stwo danych. W tym celu u\u017cywany jest m.in. bezpieczny protok\u00f3\u0142 szyfrowania komunikacji (SSL).<\/li>\r\n\t<li>Dane osobowe podawane w formularzu na landing page\u2019u s\u0105 traktowane jako poufne i nie s\u0105 widoczne dla os\u00f3b nieuprawnionych.<\/li>\r\n\t<li>Je\u015bli wysy\u0142asz zapytanie na naszej stronie, to przetwarzamy Twoje dane jak: imi\u0119, nazwisko, adres e-mail, numer telefonu, stanowisko, miejsce pracy, adres IP.<\/li>\r\n\t<li>XBS jest tak\u017ce administratorem os\u00f3b zapisanych na newsletter.<\/li>\r\n\t<li>Dane osobowe przetwarzane s\u0105. zgodnie z przepisami dotycz\u0105cymi ochrony danych osobowych, zgodnie z wdro\u017con\u0105 Polityk\u0105 Prywatno\u015bci w zakresie i celu niezb\u0119dnym do nawi\u0105zania, ukszta\u0142towania tre\u015bci Umowy, zmiany b\u0105d\u017a jej rozwi\u0105zania oraz prawid\u0142owej realizacji Us\u0142ug \u015bwiadczonych drog\u0105 elektroniczn\u0105, w zakresie i celu niezb\u0119dnym do wype\u0142nienia uzasadnionych interes\u00f3w (prawnie usprawiedliwionych cel\u00f3w), a przetwarzanie nie narusza praw i wolno\u015bci osoby, kt\u00f3rej dane dotycz\u0105.<\/li>\r\n\t<li>Ka\u017cda osoba, kt\u00f3rej dane dotycz\u0105 (je\u017celi jeste\u015bmy ich administratorem) ma prawo dost\u0119pu do danych, sprostowania, usuni\u0119cia lub ograniczenia przetwarzania, prawo sprzeciwu, prawo wniesienia skargi do organu nadzorczego.<\/li>\r\n\t<li>Kontakt z osob\u0105 nadzoruj\u0105c\u0105 przetwarzanie danych osobowych w organizacji Us\u0142ugodawcy jest mo\u017cliwy drog\u0105 elektroniczn\u0105 pod adresem e-mail: <a href=\"mailto:abi@xbslogistics.pl\">abi@xbslogistics.pl<\/a><\/li>\r\n\t<li>Zastrzegamy sobie prawo do przetwarzania Twoich danych po rozwi\u0105zaniu Umowy lub cofni\u0119ciu zgody tylko w zakresie na potrzeby dochodzenia ewentualnych roszcze\u0144 przed s\u0105dem lub je\u017celi przepisy krajowe albo unijne b\u0105d\u017a prawa mi\u0119dzynarodowego obliguj\u0105 nas do retencji danych.<\/li>\r\n\t<li>Us\u0142ugodawca ma prawo udost\u0119pnia\u0107 dane osobowe U\u017cytkownika oraz innych jego danych podmiotom upowa\u017cnionym na podstawie w\u0142a\u015bciwych przepis\u00f3w prawa (np. organom \u015bcigania).<\/li>\r\n\t<li>Usuni\u0119cie danych osobowych mo\u017ce nast\u0105pi\u0107 na skutek cofni\u0119cia zgody b\u0105d\u017a wniesienia prawnie dopuszczalnego sprzeciwu na przetwarzanie danych osobowych.<\/li>\r\n\t<li>Us\u0142ugodawca nie udost\u0119pniania danych osobowych innym podmiotom ani\u017celi upowa\u017cnionym na podstawie w\u0142a\u015bciwych przepis\u00f3w prawa.<\/li>\r\n\t<li>Wdro\u017cyli\u015bmy pseudonimizacj\u0119, szyfrowanie danych oraz mamy wprowadzon\u0105 kontrol\u0119 dost\u0119pu dzi\u0119ki czemu minimalizujemy skutki ewentualnego naruszenia bezpiecze\u0144stwa danych.<\/li>\r\n\t<li>Dane osobowe przetwarzaj\u0105 osoby wy\u0142\u0105cznie upowa\u017cnione przez nas albo przetwarzaj\u0105cy, z kt\u00f3rymi \u015bci\u015ble wsp\u00f3\u0142pracujemy.<\/li>\r\n\t<li>Witryna u\u017cywa cookies. S\u0105 to niewielkie pliki tekstowe wysy\u0142ane przez serwer www i przechowywane przez oprogramowanie komputera przegl\u0105darki. Kiedy przegl\u0105darka ponownie po\u0142\u0105czy si\u0119 ze stron\u0105, witryna rozpoznaje rodzaj urz\u0105dzenia, z kt\u00f3rego \u0142\u0105czy si\u0119 u\u017cytkownik. Parametry pozwalaj\u0105 na odczytanie informacji w nich zawartych jedynie serwerowi, kt\u00f3ry je utworzy\u0142. Cookies u\u0142atwiaj\u0105 wi\u0119c korzystanie z wcze\u015bniej odwiedzonych witryn.<\/li>\r\n\t<li>Gromadzone informacje dotycz\u0105 adresu IP, typu wykorzystywanej przegl\u0105darki, j\u0119zyka, rodzaju systemu operacyjnego, dostawcy us\u0142ug internetowych, informacji o czasie i dacie, lokalizacji oraz informacji przesy\u0142anych do witryny za po\u015brednictwem formularza kontaktowego.<\/li>\r\n\t<li>Zebrane dane s\u0142u\u017c\u0105 do monitorowania i sprawdzenia, w jaki spos\u00f3b u\u017cytkownicy korzystaj\u0105 z naszych witryn, aby usprawnia\u0107 funkcjonowanie serwisu zapewniaj\u0105c bardziej efektywn\u0105 i bezproblemow\u0105 nawigacj\u0119. Monitorowania informacji o u\u017cytkownikach dokonujemy korzystaj\u0105c z narz\u0119dzia Google Analytics, kt\u00f3re rejestruje zachowanie u\u017cytkownika na stronie. Cookies cz\u0119sto identyfikuje u\u017cytkownika, co pozwala na dopasowanie tre\u015bci witryny, z kt\u00f3rej korzysta, do jego potrzeb. Zapami\u0119tuj\u0105c jego preferencje, umo\u017cliwia odpowiednie dopasowanie skierowanych do niego reklam. Stosujemy pliki cookies, aby zagwarantowa\u0107 najwy\u017cszy standard wygody naszego serwisu, a zebrane dane s\u0105 wykorzystywane jedynie wewn\u0105trz firmy XBS Logistics w celu optymalizacji dzia\u0142a\u0144.<\/li>\r\n\t<li>Na naszej witrynie mo\u017cemy wykorzystywa\u0107 nast\u0119puj\u0105ce pliki cookies:<\/li>\r\n<ul style=\"padding: 5px 0px 5px 25px;\">\r\n\t<li>\u201eniezb\u0119dne\u201d pliki cookies, umo\u017cliwiaj\u0105ce korzystanie z us\u0142ug dost\u0119pnych w ramach serwisu, np. uwierzytelniaj\u0105ce pliki cookies wykorzystywane do us\u0142ug wymagaj\u0105cych uwierzytelniania w ramach serwisu;<\/li>\r\n\t<li>pliki cookies s\u0142u\u017c\u0105ce do zapewnienia bezpiecze\u0144stwa, np. wykorzystywane do wykrywania nadu\u017cy\u0107 w zakresie uwierzytelniania w ramach serwisu;<\/li>\r\n\t<li>\u201ewydajno\u015bciowe\u201d pliki cookies, umo\u017cliwiaj\u0105ce zbieranie informacji o sposobie korzystania ze stron internetowych serwisu;<\/li>\r\n\t<li>\u201efunkcjonalne\u201d pliki cookies, umo\u017cliwiaj\u0105ce \u201ezapami\u0119tanie\u201d wybranych przez u\u017cytkownika ustawie\u0144 i personalizacj\u0119 interfejsu u\u017cytkownika, np. w zakresie wybranego j\u0119zyka lub regionu, z kt\u00f3rego pochodzi u\u017cytkownik, rozmiaru czcionki, wygl\u0105du strony internetowej itp.;<\/li>\r\n<\/ul>\r\n\t<li>U\u017cytkownik w ka\u017cdej chwili ma mo\u017cliwo\u015b\u0107 wy\u0142\u0105czenia lub przywr\u00f3cenia opcji gromadzenia cookies poprzez zmian\u0119 ustawie\u0144 w przegl\u0105darce internetowej. Instrukcja zarz\u0105dzania plikami cookies jest dost\u0119pna na stronie <a href=\"http:\/\/wszystkoociasteczkach.pl\/\">http:\/\/wszystkoociasteczkach.pl\/<\/a><\/ol>Dodatkowe dane osobowe, jak adres e-mail, zbierane s\u0105 jedynie w miejscach, w kt\u00f3rych u\u017cytkownik wype\u0142niaj\u0105c formularz wyra\u017anie wyrazi\u0142 na to zgod\u0119. Powy\u017csze dane zachowujemy i wykorzystujemy tylko do potrzeb niezb\u0119dnych do wykonania danej funkcji.<\/li>\r\n[\/et_pb_text][\/et_pb_column][\/et_pb_row][\/et_pb_section]","_et_gb_content_width":"","footnotes":""},"class_list":["post-2996","page","type-page","status-publish","hentry"],"acf":[],"yoast_head":"<!-- This site is optimized with the Yoast SEO plugin v24.4 - https:\/\/yoast.com\/wordpress\/plugins\/seo\/ -->\n<title>TERMS AND CONDITIONS - xbsgroup.pl<\/title>\n<meta name=\"robots\" content=\"index, follow, max-snippet:-1, max-image-preview:large, max-video-preview:-1\" \/>\n<link rel=\"canonical\" href=\"https:\/\/xbsgroup.pl\/en\/terms-and-conditions\/\" \/>\n<meta property=\"og:locale\" content=\"en_US\" \/>\n<meta property=\"og:type\" content=\"article\" \/>\n<meta property=\"og:title\" content=\"TERMS AND CONDITIONS - xbsgroup.pl\" \/>\n<meta property=\"og:description\" content=\"PROCESSING OF PERSONAL DATA - TERMS AND CONDITIONS The Data Controller is XBS Logistics S.A. with its registered office in Pass 20M, 05-870 B\u0142onie, entered in the Register of Entrepreneurs, KRS (National Court Register) number: 0000162028, for which registration files are kept by XIV Economic Division, NIP (Tax Identification Number): 524-238-06-93, REGON (National Business Regstry [&hellip;]\" \/>\n<meta property=\"og:url\" content=\"https:\/\/xbsgroup.pl\/en\/terms-and-conditions\/\" \/>\n<meta property=\"og:site_name\" content=\"xbsgroup.pl\" \/>\n<meta property=\"article:publisher\" content=\"https:\/\/www.facebook.com\/xbsgroup\/\" \/>\n<meta property=\"article:modified_time\" content=\"2021-10-21T10:18:36+00:00\" \/>\n<meta name=\"twitter:card\" content=\"summary_large_image\" \/>\n<meta name=\"twitter:label1\" content=\"Est. reading time\" \/>\n\t<meta name=\"twitter:data1\" content=\"5 minutes\" \/>\n<script type=\"application\/ld+json\" class=\"yoast-schema-graph\">{\"@context\":\"https:\/\/schema.org\",\"@graph\":[{\"@type\":\"WebPage\",\"@id\":\"https:\/\/xbsgroup.pl\/en\/terms-and-conditions\/\",\"url\":\"https:\/\/xbsgroup.pl\/en\/terms-and-conditions\/\",\"name\":\"TERMS AND CONDITIONS - xbsgroup.pl\",\"isPartOf\":{\"@id\":\"https:\/\/xbsgroup.pl\/#website\"},\"datePublished\":\"2021-10-18T10:27:57+00:00\",\"dateModified\":\"2021-10-21T10:18:36+00:00\",\"breadcrumb\":{\"@id\":\"https:\/\/xbsgroup.pl\/en\/terms-and-conditions\/#breadcrumb\"},\"inLanguage\":\"en-US\",\"potentialAction\":[{\"@type\":\"ReadAction\",\"target\":[\"https:\/\/xbsgroup.pl\/en\/terms-and-conditions\/\"]}]},{\"@type\":\"BreadcrumbList\",\"@id\":\"https:\/\/xbsgroup.pl\/en\/terms-and-conditions\/#breadcrumb\",\"itemListElement\":[{\"@type\":\"ListItem\",\"position\":1,\"name\":\"Strona g\u0142\u00f3wna\",\"item\":\"https:\/\/xbsgroup.pl\/en\/\"},{\"@type\":\"ListItem\",\"position\":2,\"name\":\"TERMS AND CONDITIONS\"}]},{\"@type\":\"WebSite\",\"@id\":\"https:\/\/xbsgroup.pl\/#website\",\"url\":\"https:\/\/xbsgroup.pl\/\",\"name\":\"xbsgroup.pl\",\"description\":\"Skuteczna Logistyka\",\"publisher\":{\"@id\":\"https:\/\/xbsgroup.pl\/#organization\"},\"potentialAction\":[{\"@type\":\"SearchAction\",\"target\":{\"@type\":\"EntryPoint\",\"urlTemplate\":\"https:\/\/xbsgroup.pl\/?s={search_term_string}\"},\"query-input\":{\"@type\":\"PropertyValueSpecification\",\"valueRequired\":true,\"valueName\":\"search_term_string\"}}],\"inLanguage\":\"en-US\"},{\"@type\":\"Organization\",\"@id\":\"https:\/\/xbsgroup.pl\/#organization\",\"name\":\"xbsgroup.pl\",\"url\":\"https:\/\/xbsgroup.pl\/\",\"logo\":{\"@type\":\"ImageObject\",\"inLanguage\":\"en-US\",\"@id\":\"https:\/\/xbsgroup.pl\/#\/schema\/logo\/image\/\",\"url\":\"https:\/\/xbsgroup.pl\/wp-content\/uploads\/2024\/12\/xbs_logo_napis.svg\",\"contentUrl\":\"https:\/\/xbsgroup.pl\/wp-content\/uploads\/2024\/12\/xbs_logo_napis.svg\",\"width\":425,\"height\":141,\"caption\":\"xbsgroup.pl\"},\"image\":{\"@id\":\"https:\/\/xbsgroup.pl\/#\/schema\/logo\/image\/\"},\"sameAs\":[\"https:\/\/www.facebook.com\/xbsgroup\/\"]}]}<\/script>\n<!-- \/ Yoast SEO plugin. -->","yoast_head_json":{"title":"TERMS AND CONDITIONS - xbsgroup.pl","robots":{"index":"index","follow":"follow","max-snippet":"max-snippet:-1","max-image-preview":"max-image-preview:large","max-video-preview":"max-video-preview:-1"},"canonical":"https:\/\/xbsgroup.pl\/en\/terms-and-conditions\/","og_locale":"en_US","og_type":"article","og_title":"TERMS AND CONDITIONS - xbsgroup.pl","og_description":"PROCESSING OF PERSONAL DATA - TERMS AND CONDITIONS The Data Controller is XBS Logistics S.A. with its registered office in Pass 20M, 05-870 B\u0142onie, entered in the Register of Entrepreneurs, KRS (National Court Register) number: 0000162028, for which registration files are kept by XIV Economic Division, NIP (Tax Identification Number): 524-238-06-93, REGON (National Business Regstry [&hellip;]","og_url":"https:\/\/xbsgroup.pl\/en\/terms-and-conditions\/","og_site_name":"xbsgroup.pl","article_publisher":"https:\/\/www.facebook.com\/xbsgroup\/","article_modified_time":"2021-10-21T10:18:36+00:00","twitter_card":"summary_large_image","twitter_misc":{"Est. reading time":"5 minutes"},"schema":{"@context":"https:\/\/schema.org","@graph":[{"@type":"WebPage","@id":"https:\/\/xbsgroup.pl\/en\/terms-and-conditions\/","url":"https:\/\/xbsgroup.pl\/en\/terms-and-conditions\/","name":"TERMS AND CONDITIONS - xbsgroup.pl","isPartOf":{"@id":"https:\/\/xbsgroup.pl\/#website"},"datePublished":"2021-10-18T10:27:57+00:00","dateModified":"2021-10-21T10:18:36+00:00","breadcrumb":{"@id":"https:\/\/xbsgroup.pl\/en\/terms-and-conditions\/#breadcrumb"},"inLanguage":"en-US","potentialAction":[{"@type":"ReadAction","target":["https:\/\/xbsgroup.pl\/en\/terms-and-conditions\/"]}]},{"@type":"BreadcrumbList","@id":"https:\/\/xbsgroup.pl\/en\/terms-and-conditions\/#breadcrumb","itemListElement":[{"@type":"ListItem","position":1,"name":"Strona g\u0142\u00f3wna","item":"https:\/\/xbsgroup.pl\/en\/"},{"@type":"ListItem","position":2,"name":"TERMS AND CONDITIONS"}]},{"@type":"WebSite","@id":"https:\/\/xbsgroup.pl\/#website","url":"https:\/\/xbsgroup.pl\/","name":"xbsgroup.pl","description":"Skuteczna Logistyka","publisher":{"@id":"https:\/\/xbsgroup.pl\/#organization"},"potentialAction":[{"@type":"SearchAction","target":{"@type":"EntryPoint","urlTemplate":"https:\/\/xbsgroup.pl\/?s={search_term_string}"},"query-input":{"@type":"PropertyValueSpecification","valueRequired":true,"valueName":"search_term_string"}}],"inLanguage":"en-US"},{"@type":"Organization","@id":"https:\/\/xbsgroup.pl\/#organization","name":"xbsgroup.pl","url":"https:\/\/xbsgroup.pl\/","logo":{"@type":"ImageObject","inLanguage":"en-US","@id":"https:\/\/xbsgroup.pl\/#\/schema\/logo\/image\/","url":"https:\/\/xbsgroup.pl\/wp-content\/uploads\/2024\/12\/xbs_logo_napis.svg","contentUrl":"https:\/\/xbsgroup.pl\/wp-content\/uploads\/2024\/12\/xbs_logo_napis.svg","width":425,"height":141,"caption":"xbsgroup.pl"},"image":{"@id":"https:\/\/xbsgroup.pl\/#\/schema\/logo\/image\/"},"sameAs":["https:\/\/www.facebook.com\/xbsgroup\/"]}]}},"_links":{"self":[{"href":"https:\/\/xbsgroup.pl\/en\/wp-json\/wp\/v2\/pages\/2996","targetHints":{"allow":["GET"]}}],"collection":[{"href":"https:\/\/xbsgroup.pl\/en\/wp-json\/wp\/v2\/pages"}],"about":[{"href":"https:\/\/xbsgroup.pl\/en\/wp-json\/wp\/v2\/types\/page"}],"author":[{"embeddable":true,"href":"https:\/\/xbsgroup.pl\/en\/wp-json\/wp\/v2\/users\/2"}],"replies":[{"embeddable":true,"href":"https:\/\/xbsgroup.pl\/en\/wp-json\/wp\/v2\/comments?post=2996"}],"version-history":[{"count":4,"href":"https:\/\/xbsgroup.pl\/en\/wp-json\/wp\/v2\/pages\/2996\/revisions"}],"predecessor-version":[{"id":3110,"href":"https:\/\/xbsgroup.pl\/en\/wp-json\/wp\/v2\/pages\/2996\/revisions\/3110"}],"wp:attachment":[{"href":"https:\/\/xbsgroup.pl\/en\/wp-json\/wp\/v2\/media?parent=2996"}],"curies":[{"name":"wp","href":"https:\/\/api.w.org\/{rel}","templated":true}]}}