{"id":2991,"date":"2021-10-18T12:26:10","date_gmt":"2021-10-18T10:26:10","guid":{"rendered":"https:\/\/xbsgroup.pl?page_id=2991"},"modified":"2025-10-19T15:31:45","modified_gmt":"2025-10-19T13:31:45","slug":"career","status":"publish","type":"page","link":"https:\/\/xbsgroup.pl\/en\/career\/","title":{"rendered":"Career"},"content":{"rendered":"<p>[et_pb_section fb_built=&#8221;1&#8243; _builder_version=&#8221;4.16&#8243; _module_preset=&#8221;default&#8221; global_colors_info=&#8221;{}&#8221;][et_pb_row column_structure=&#8221;2_3,1_3&#8243; use_custom_gutter=&#8221;on&#8221; gutter_width=&#8221;2&#8243; make_equal=&#8221;on&#8221; _builder_version=&#8221;4.16&#8243; _module_preset=&#8221;default&#8221; custom_margin=&#8221;||||false|false&#8221; custom_padding=&#8221;0px||||false|false&#8221; global_colors_info=&#8221;{}&#8221;][et_pb_column type=&#8221;2_3&#8243; _builder_version=&#8221;4.16&#8243; _module_preset=&#8221;default&#8221; global_colors_info=&#8221;{}&#8221;][et_pb_text _builder_version=&#8221;4.16&#8243; _module_preset=&#8221;default&#8221; text_line_height=&#8221;1.6em&#8221; header_font=&#8221;|600|||||||&#8221; header_text_color=&#8221;#0e4b84&#8243; header_2_font=&#8221;|600|||||||&#8221; header_2_text_color=&#8221;#0e4b84&#8243; header_2_font_size=&#8221;30px&#8221; header_2_line_height=&#8221;1.2em&#8221; header_3_text_color=&#8221;#0E4B84&#8243; header_2_font_size_tablet=&#8221;30px&#8221; header_2_font_size_phone=&#8221;25px&#8221; header_2_font_size_last_edited=&#8221;on|tablet&#8221; global_colors_info=&#8221;{}&#8221;]<\/p>\n<h1>CAREER WITH THE XBS GROUP!<\/h1>\n<p>Join our team and spread your wings!<br \/>\nWe value people with passion and commitment, who are not afraid of challenges!<\/p>\n<p>We are able to&nbsp;provide our services thanks to&nbsp;our know-how and our employees.<br \/>\nThanks to&nbsp;our teams, we&nbsp;deliver high quality every day, resulting in&nbsp;the satisfaction of our customers.[\/et_pb_text][\/et_pb_column][et_pb_column type=&#8221;1_3&#8243; _builder_version=&#8221;4.16&#8243; _module_preset=&#8221;default&#8221; global_colors_info=&#8221;{}&#8221;][et_pb_testimonial author=&#8221;Franklin Roosevelt&#8221; quote_icon_color=&#8221;#0E4B84&#8243; quote_icon_background_color=&#8221;RGBA(0,0,0,0)&#8221; use_icon_font_size=&#8221;on&#8221; icon_font_size=&#8221;35px&#8221; _builder_version=&#8221;4.16&#8243; _module_preset=&#8221;default&#8221; text_orientation=&#8221;center&#8221; module_alignment=&#8221;center&#8221; global_colors_info=&#8221;{}&#8221;]\u201cPeople acting together as&nbsp;a&nbsp;group can accomplish things which no&nbsp;individual acting alone could ever hope to&nbsp;bring about\u201d[\/et_pb_testimonial][\/et_pb_column][\/et_pb_row][\/et_pb_section][et_pb_section fb_built=&#8221;1&#8243; _builder_version=&#8221;4.16&#8243; _module_preset=&#8221;default&#8221; global_colors_info=&#8221;{}&#8221;][\/et_pb_section][et_pb_section fb_built=&#8221;1&#8243; _builder_version=&#8221;4.16&#8243; _module_preset=&#8221;default&#8221; background_enable_color=&#8221;off&#8221; custom_padding=&#8221;||||true|false&#8221; global_colors_info=&#8221;{}&#8221;][\/et_pb_section]<\/p>\n","protected":false},"excerpt":{"rendered":"<p>CAREER WITH THE XBS GROUP! Join our team and spread your wings! We value people with passion and commitment, who are not afraid of challenges! We are able to&nbsp;provide our services thanks to&nbsp;our know-how and our employees. Thanks to&nbsp;our teams, we&nbsp;deliver high quality every day, resulting in&nbsp;the satisfaction of our customers.\u201cPeople acting together as&nbsp;a&nbsp;group can [&hellip;]<\/p>\n","protected":false},"author":2,"featured_media":0,"parent":0,"menu_order":0,"comment_status":"closed","ping_status":"closed","template":"","meta":{"_acf_changed":false,"_et_pb_use_builder":"on","_et_pb_old_content":"[et_pb_section fb_built=\"1\" _builder_version=\"4.9.11\" _module_preset=\"default\" global_colors_info=\"{}\"][et_pb_row column_structure=\"2_3,1_3\" use_custom_gutter=\"on\" gutter_width=\"2\" make_equal=\"on\" _builder_version=\"4.10.5\" _module_preset=\"default\" custom_margin=\"||||false|false\" custom_padding=\"0px||||false|false\" global_colors_info=\"{}\"][et_pb_column type=\"2_3\" _builder_version=\"4.9.10\" _module_preset=\"default\" global_colors_info=\"{}\"][et_pb_text _builder_version=\"4.10.7\" _module_preset=\"default\" text_line_height=\"1.6em\" header_font=\"|600|||||||\" header_text_color=\"#0e4b84\" header_2_font=\"|600|||||||\" header_2_text_color=\"#0e4b84\" header_2_font_size=\"30px\" header_2_line_height=\"1.2em\" header_3_text_color=\"#0E4B84\" header_2_font_size_tablet=\"30px\" header_2_font_size_phone=\"25px\" header_2_font_size_last_edited=\"on|tablet\" global_colors_info=\"{}\"]<h1>KARIERA W XBS GROUP!<\/h1>\r\n<p>Do\u0142\u0105cz do naszego zespo\u0142u i rozwijaj skrzyd\u0142a!<br \/>Cenimy ludzi z pasj\u0105 i zaanga\u017cowaniem, kt\u00f3rzy nie boj\u0105 si\u0119 wyzwa\u0144!<\/p>\r\n<p>Nasze us\u0142ugi realizujemy dzi\u0119ki naszemu know how oraz naszym pracownikom.<br \/>Dzi\u0119ki naszym zespo\u0142om ka\u017cdego dnia dostarczamy wysok\u0105 jako\u015b\u0107, przek\u0142adaj\u0105c\u0105 si\u0119 na zadowolenie naszych klient\u00f3w.<\/p>[\/et_pb_text][\/et_pb_column][et_pb_column type=\"1_3\" _builder_version=\"4.9.10\" _module_preset=\"default\" global_colors_info=\"{}\"][et_pb_testimonial author=\"Franklin Roosevelt\" quote_icon_color=\"#0E4B84\" quote_icon_background_color=\"RGBA(0,0,0,0)\" use_icon_font_size=\"on\" icon_font_size=\"35px\" _builder_version=\"4.10.5\" _module_preset=\"default\" text_orientation=\"center\" module_alignment=\"center\" global_colors_info=\"{}\"]<p>\"Ludzie pracuj\u0105cy razem potrafi\u0105 dokona\u0107 rzeczy,\u00a0kt\u00f3rych osi\u0105gni\u0119cie nie \u015bni\u0142o si\u0119 nikomu z osobna\u201d<\/p>[\/et_pb_testimonial][\/et_pb_column][\/et_pb_row][\/et_pb_section][et_pb_section fb_built=\"1\" _builder_version=\"4.10.5\" _module_preset=\"default\" global_colors_info=\"{}\"][et_pb_row column_structure=\"1_2,1_2\" make_equal=\"on\" _builder_version=\"4.10.5\" _module_preset=\"default\" custom_css_main_element=\"align-items: center;\" global_colors_info=\"{}\"][et_pb_column type=\"1_2\" _builder_version=\"4.10.5\" _module_preset=\"default\" global_colors_info=\"{}\"][et_pb_image src=\"https:\/\/xbsgroup.pl\/wp-content\/uploads\/2021\/10\/oferty-pracy.jpg\" title_text=\"oferty-pracy\" _builder_version=\"4.11.1\" _module_preset=\"default\" hover_enabled=\"0\" global_colors_info=\"{}\" sticky_enabled=\"0\"][\/et_pb_image][\/et_pb_column][et_pb_column type=\"1_2\" _builder_version=\"4.10.5\" _module_preset=\"default\" global_colors_info=\"{}\"][et_pb_text _builder_version=\"4.10.5\" _module_preset=\"default\" text_line_height=\"1.6em\" header_text_color=\"#FFAD29\" header_2_font=\"|600|||||||\" header_2_text_color=\"#0e4b84\" header_2_font_size=\"30px\" header_2_line_height=\"1.2em\" header_3_text_color=\"#0E4B84\" text_orientation=\"center\" header_2_font_size_tablet=\"30px\" header_2_font_size_phone=\"25px\" header_2_font_size_last_edited=\"on|tablet\" global_colors_info=\"{}\"]<h2>SPRAWD\u0179 NASZE<br \/>OFERTY PRACY<\/h2>[\/et_pb_text][et_pb_button button_url=\"https:\/\/www.pracuj.pl\/praca\/xbs%20logistics%20s.a.;en?rd=30\" url_new_window=\"on\" button_text=\"Wi\u0119cej\" button_alignment=\"center\" _builder_version=\"4.10.8\" _module_preset=\"default\" custom_button=\"on\" button_text_color=\"#FFFFFF\" button_bg_color=\"#00AEEF\" button_border_radius=\"10px\" button_use_icon=\"off\" global_colors_info=\"{}\"][\/et_pb_button][\/et_pb_column][\/et_pb_row][\/et_pb_section][et_pb_section fb_built=\"1\" _builder_version=\"4.10.5\" _module_preset=\"default\" background_color=\"#f7f7f7\" custom_padding=\"||||true|false\" global_colors_info=\"{}\"][et_pb_row column_structure=\"1_2,1_2\" make_equal=\"on\" _builder_version=\"4.10.5\" _module_preset=\"default\" custom_css_main_element=\"align-items: center;\" global_colors_info=\"{}\"][et_pb_column type=\"1_2\" _builder_version=\"4.10.5\" _module_preset=\"default\" global_colors_info=\"{}\"][et_pb_text _builder_version=\"4.10.5\" _module_preset=\"default\" text_line_height=\"1.6em\" header_text_color=\"#FFAD29\" header_2_font=\"|600|||||||\" header_2_text_color=\"#0e4b84\" header_2_font_size=\"30px\" header_2_line_height=\"1.2em\" header_3_text_color=\"#0E4B84\" text_orientation=\"center\" header_2_font_size_tablet=\"30px\" header_2_font_size_phone=\"25px\" header_2_font_size_last_edited=\"on|tablet\" global_colors_info=\"{}\"]<h2>ZOSTA\u0143 NASZYM<br \/>PARTNEREM BIZNESOWYM<\/h2>[\/et_pb_text][et_pb_button button_url=\"@ET-DC@eyJkeW5hbWljIjp0cnVlLCJjb250ZW50IjoicG9zdF9saW5rX3VybF9wYWdlIiwic2V0dGluZ3MiOnsicG9zdF9pZCI6IjExNTMifX0=@\" button_text=\"Formularz kontaktowy\" button_alignment=\"center\" _builder_version=\"4.10.8\" _dynamic_attributes=\"button_url\" _module_preset=\"default\" custom_button=\"on\" button_text_color=\"#FFFFFF\" button_bg_color=\"#00AEEF\" button_border_radius=\"10px\" button_use_icon=\"off\" global_colors_info=\"{}\"][\/et_pb_button][\/et_pb_column][et_pb_column type=\"1_2\" _builder_version=\"4.10.5\" _module_preset=\"default\" global_colors_info=\"{}\"][et_pb_image src=\"https:\/\/xbsgroup.pl\/wp-content\/uploads\/2021\/10\/partner.jpg\" title_text=\"partner\" _builder_version=\"4.11.1\" _module_preset=\"default\" hover_enabled=\"0\" global_colors_info=\"{}\" sticky_enabled=\"0\"][\/et_pb_image][\/et_pb_column][\/et_pb_row][\/et_pb_section][et_pb_section fb_built=\"1\" _builder_version=\"4.10.5\" _module_preset=\"default\" background_enable_color=\"off\" custom_padding=\"||||true|false\" global_colors_info=\"{}\"][et_pb_row column_structure=\"1_2,1_2\" make_equal=\"on\" _builder_version=\"4.10.5\" _module_preset=\"default\" custom_css_main_element=\"align-items: center;\" global_colors_info=\"{}\"][et_pb_column type=\"1_2\" _builder_version=\"4.10.5\" _module_preset=\"default\" global_colors_info=\"{}\"][et_pb_image src=\"https:\/\/xbsgroup.pl\/wp-content\/uploads\/2021\/10\/staz.jpg\" title_text=\"staz\" _builder_version=\"4.11.1\" _module_preset=\"default\" hover_enabled=\"0\" global_colors_info=\"{}\" sticky_enabled=\"0\"][\/et_pb_image][\/et_pb_column][et_pb_column type=\"1_2\" _builder_version=\"4.10.5\" _module_preset=\"default\" global_colors_info=\"{}\"][et_pb_text _builder_version=\"4.10.5\" _module_preset=\"default\" text_line_height=\"1.6em\" header_text_color=\"#FFAD29\" header_2_font=\"|600|||||||\" header_2_text_color=\"#0e4b84\" header_2_font_size=\"30px\" header_2_line_height=\"1.2em\" header_3_text_color=\"#0E4B84\" text_orientation=\"center\" header_2_font_size_tablet=\"30px\" header_2_font_size_phone=\"25px\" header_2_font_size_last_edited=\"on|tablet\" global_colors_info=\"{}\"]<h2>ZG\u0141O\u015a SI\u0118 NA STA\u017b<\/h2>[\/et_pb_text][et_pb_button button_url=\"@ET-DC@eyJkeW5hbWljIjp0cnVlLCJjb250ZW50IjoicG9zdF9saW5rX3VybF9wYWdlIiwic2V0dGluZ3MiOnsicG9zdF9pZCI6IjExNTMifX0=@\" button_text=\"Formularz kontaktowy\" button_alignment=\"center\" _builder_version=\"4.10.8\" _dynamic_attributes=\"button_url\" _module_preset=\"default\" custom_button=\"on\" button_text_color=\"#FFFFFF\" button_bg_color=\"#00AEEF\" button_border_radius=\"10px\" button_use_icon=\"off\" global_colors_info=\"{}\"][\/et_pb_button][\/et_pb_column][\/et_pb_row][\/et_pb_section]","_et_gb_content_width":"","footnotes":""},"class_list":["post-2991","page","type-page","status-publish","hentry"],"acf":[],"yoast_head":"<!-- This site is optimized with the Yoast SEO plugin v24.4 - https:\/\/yoast.com\/wordpress\/plugins\/seo\/ -->\n<title>Career - xbsgroup.pl<\/title>\n<meta name=\"description\" content=\"Develop your career in the dynamic environment of XBS Group \u2013 explore available job opportunities and join the team today.\" \/>\n<meta name=\"robots\" content=\"index, follow, max-snippet:-1, max-image-preview:large, max-video-preview:-1\" \/>\n<link rel=\"canonical\" href=\"https:\/\/xbsgroup.pl\/en\/career\/\" \/>\n<meta property=\"og:locale\" content=\"en_US\" \/>\n<meta property=\"og:type\" content=\"article\" \/>\n<meta property=\"og:title\" content=\"Career - xbsgroup.pl\" \/>\n<meta property=\"og:description\" content=\"Develop your career in the dynamic environment of XBS Group \u2013 explore available job opportunities and join the team today.\" \/>\n<meta property=\"og:url\" content=\"https:\/\/xbsgroup.pl\/en\/career\/\" \/>\n<meta property=\"og:site_name\" content=\"xbsgroup.pl\" \/>\n<meta property=\"article:publisher\" content=\"https:\/\/www.facebook.com\/xbsgroup\/\" \/>\n<meta property=\"article:modified_time\" content=\"2025-10-19T13:31:45+00:00\" \/>\n<meta name=\"twitter:card\" content=\"summary_large_image\" \/>\n<meta name=\"twitter:label1\" content=\"Est. reading time\" \/>\n\t<meta name=\"twitter:data1\" content=\"2 minutes\" \/>\n<script type=\"application\/ld+json\" class=\"yoast-schema-graph\">{\"@context\":\"https:\/\/schema.org\",\"@graph\":[{\"@type\":\"WebPage\",\"@id\":\"https:\/\/xbsgroup.pl\/en\/career\/\",\"url\":\"https:\/\/xbsgroup.pl\/en\/career\/\",\"name\":\"Career - xbsgroup.pl\",\"isPartOf\":{\"@id\":\"https:\/\/xbsgroup.pl\/#website\"},\"datePublished\":\"2021-10-18T10:26:10+00:00\",\"dateModified\":\"2025-10-19T13:31:45+00:00\",\"description\":\"Develop your career in the dynamic environment of XBS Group \u2013 explore available job opportunities and join the team today.\",\"breadcrumb\":{\"@id\":\"https:\/\/xbsgroup.pl\/en\/career\/#breadcrumb\"},\"inLanguage\":\"en-US\",\"potentialAction\":[{\"@type\":\"ReadAction\",\"target\":[\"https:\/\/xbsgroup.pl\/en\/career\/\"]}]},{\"@type\":\"BreadcrumbList\",\"@id\":\"https:\/\/xbsgroup.pl\/en\/career\/#breadcrumb\",\"itemListElement\":[{\"@type\":\"ListItem\",\"position\":1,\"name\":\"Strona g\u0142\u00f3wna\",\"item\":\"https:\/\/xbsgroup.pl\/en\/\"},{\"@type\":\"ListItem\",\"position\":2,\"name\":\"Career\"}]},{\"@type\":\"WebSite\",\"@id\":\"https:\/\/xbsgroup.pl\/#website\",\"url\":\"https:\/\/xbsgroup.pl\/\",\"name\":\"xbsgroup.pl\",\"description\":\"Skuteczna Logistyka\",\"publisher\":{\"@id\":\"https:\/\/xbsgroup.pl\/#organization\"},\"potentialAction\":[{\"@type\":\"SearchAction\",\"target\":{\"@type\":\"EntryPoint\",\"urlTemplate\":\"https:\/\/xbsgroup.pl\/?s={search_term_string}\"},\"query-input\":{\"@type\":\"PropertyValueSpecification\",\"valueRequired\":true,\"valueName\":\"search_term_string\"}}],\"inLanguage\":\"en-US\"},{\"@type\":\"Organization\",\"@id\":\"https:\/\/xbsgroup.pl\/#organization\",\"name\":\"xbsgroup.pl\",\"url\":\"https:\/\/xbsgroup.pl\/\",\"logo\":{\"@type\":\"ImageObject\",\"inLanguage\":\"en-US\",\"@id\":\"https:\/\/xbsgroup.pl\/#\/schema\/logo\/image\/\",\"url\":\"https:\/\/xbsgroup.pl\/wp-content\/uploads\/2024\/12\/xbs_logo_napis.svg\",\"contentUrl\":\"https:\/\/xbsgroup.pl\/wp-content\/uploads\/2024\/12\/xbs_logo_napis.svg\",\"width\":425,\"height\":141,\"caption\":\"xbsgroup.pl\"},\"image\":{\"@id\":\"https:\/\/xbsgroup.pl\/#\/schema\/logo\/image\/\"},\"sameAs\":[\"https:\/\/www.facebook.com\/xbsgroup\/\"]}]}<\/script>\n<!-- \/ Yoast SEO plugin. -->","yoast_head_json":{"title":"Career - xbsgroup.pl","description":"Develop your career in the dynamic environment of XBS Group \u2013 explore available job opportunities and join the team today.","robots":{"index":"index","follow":"follow","max-snippet":"max-snippet:-1","max-image-preview":"max-image-preview:large","max-video-preview":"max-video-preview:-1"},"canonical":"https:\/\/xbsgroup.pl\/en\/career\/","og_locale":"en_US","og_type":"article","og_title":"Career - xbsgroup.pl","og_description":"Develop your career in the dynamic environment of XBS Group \u2013 explore available job opportunities and join the team today.","og_url":"https:\/\/xbsgroup.pl\/en\/career\/","og_site_name":"xbsgroup.pl","article_publisher":"https:\/\/www.facebook.com\/xbsgroup\/","article_modified_time":"2025-10-19T13:31:45+00:00","twitter_card":"summary_large_image","twitter_misc":{"Est. reading time":"2 minutes"},"schema":{"@context":"https:\/\/schema.org","@graph":[{"@type":"WebPage","@id":"https:\/\/xbsgroup.pl\/en\/career\/","url":"https:\/\/xbsgroup.pl\/en\/career\/","name":"Career - xbsgroup.pl","isPartOf":{"@id":"https:\/\/xbsgroup.pl\/#website"},"datePublished":"2021-10-18T10:26:10+00:00","dateModified":"2025-10-19T13:31:45+00:00","description":"Develop your career in the dynamic environment of XBS Group \u2013 explore available job opportunities and join the team today.","breadcrumb":{"@id":"https:\/\/xbsgroup.pl\/en\/career\/#breadcrumb"},"inLanguage":"en-US","potentialAction":[{"@type":"ReadAction","target":["https:\/\/xbsgroup.pl\/en\/career\/"]}]},{"@type":"BreadcrumbList","@id":"https:\/\/xbsgroup.pl\/en\/career\/#breadcrumb","itemListElement":[{"@type":"ListItem","position":1,"name":"Strona g\u0142\u00f3wna","item":"https:\/\/xbsgroup.pl\/en\/"},{"@type":"ListItem","position":2,"name":"Career"}]},{"@type":"WebSite","@id":"https:\/\/xbsgroup.pl\/#website","url":"https:\/\/xbsgroup.pl\/","name":"xbsgroup.pl","description":"Skuteczna Logistyka","publisher":{"@id":"https:\/\/xbsgroup.pl\/#organization"},"potentialAction":[{"@type":"SearchAction","target":{"@type":"EntryPoint","urlTemplate":"https:\/\/xbsgroup.pl\/?s={search_term_string}"},"query-input":{"@type":"PropertyValueSpecification","valueRequired":true,"valueName":"search_term_string"}}],"inLanguage":"en-US"},{"@type":"Organization","@id":"https:\/\/xbsgroup.pl\/#organization","name":"xbsgroup.pl","url":"https:\/\/xbsgroup.pl\/","logo":{"@type":"ImageObject","inLanguage":"en-US","@id":"https:\/\/xbsgroup.pl\/#\/schema\/logo\/image\/","url":"https:\/\/xbsgroup.pl\/wp-content\/uploads\/2024\/12\/xbs_logo_napis.svg","contentUrl":"https:\/\/xbsgroup.pl\/wp-content\/uploads\/2024\/12\/xbs_logo_napis.svg","width":425,"height":141,"caption":"xbsgroup.pl"},"image":{"@id":"https:\/\/xbsgroup.pl\/#\/schema\/logo\/image\/"},"sameAs":["https:\/\/www.facebook.com\/xbsgroup\/"]}]}},"_links":{"self":[{"href":"https:\/\/xbsgroup.pl\/en\/wp-json\/wp\/v2\/pages\/2991","targetHints":{"allow":["GET"]}}],"collection":[{"href":"https:\/\/xbsgroup.pl\/en\/wp-json\/wp\/v2\/pages"}],"about":[{"href":"https:\/\/xbsgroup.pl\/en\/wp-json\/wp\/v2\/types\/page"}],"author":[{"embeddable":true,"href":"https:\/\/xbsgroup.pl\/en\/wp-json\/wp\/v2\/users\/2"}],"replies":[{"embeddable":true,"href":"https:\/\/xbsgroup.pl\/en\/wp-json\/wp\/v2\/comments?post=2991"}],"version-history":[{"count":7,"href":"https:\/\/xbsgroup.pl\/en\/wp-json\/wp\/v2\/pages\/2991\/revisions"}],"predecessor-version":[{"id":6199,"href":"https:\/\/xbsgroup.pl\/en\/wp-json\/wp\/v2\/pages\/2991\/revisions\/6199"}],"wp:attachment":[{"href":"https:\/\/xbsgroup.pl\/en\/wp-json\/wp\/v2\/media?parent=2991"}],"curies":[{"name":"wp","href":"https:\/\/api.w.org\/{rel}","templated":true}]}}