{"id":2916,"date":"2021-10-18T11:55:05","date_gmt":"2021-10-18T09:55:05","guid":{"rendered":"https:\/\/xbsgroup.pl?page_id=2916"},"modified":"2021-10-18T11:55:09","modified_gmt":"2021-10-18T09:55:09","slug":"news","status":"publish","type":"page","link":"https:\/\/xbsgroup.pl\/en\/news\/","title":{"rendered":"News"},"content":{"rendered":"<p>[et_pb_section fb_built=&#8221;1&#8243; _builder_version=&#8221;4.11.2&#8243; _module_preset=&#8221;default&#8221; custom_padding=&#8221;0px||||false|false&#8221; global_colors_info=&#8221;{}&#8221;][et_pb_row _builder_version=&#8221;4.11.2&#8243; _module_preset=&#8221;default&#8221; custom_padding=&#8221;0px||||false|false&#8221; global_colors_info=&#8221;{}&#8221;][et_pb_column type=&#8221;4_4&#8243; _builder_version=&#8221;4.10.7&#8243; _module_preset=&#8221;default&#8221; global_colors_info=&#8221;{}&#8221;][et_pb_text disabled_on=&#8221;off|off|off&#8221; _builder_version=&#8221;4.10.8&#8243; _module_preset=&#8221;default&#8221; text_font=&#8221;|600||on|||||&#8221; text_text_color=&#8221;#00AEEF&#8221; text_font_size=&#8221;15px&#8221; header_2_font_size=&#8221;34px&#8221; text_orientation=&#8221;center&#8221; custom_margin=&#8221;||20px||false|false&#8221; global_colors_info=&#8221;{}&#8221;]<\/p>\n<p>B\u0105d\u017a na bie\u017c\u0105co<\/p>\n<p>[\/et_pb_text][et_pb_text disabled_on=&#8221;off|off|off&#8221; _builder_version=&#8221;4.10.8&#8243; _module_preset=&#8221;default&#8221; text_line_height=&#8221;1.6em&#8221; header_2_font=&#8221;|600||on|||||&#8221; header_2_text_color=&#8221;#0e4b84&#8243; header_2_font_size=&#8221;34px&#8221; text_orientation=&#8221;center&#8221; width=&#8221;80%&#8221; width_tablet=&#8221;100%&#8221; width_phone=&#8221;&#8221; width_last_edited=&#8221;on|tablet&#8221; module_alignment=&#8221;center&#8221; custom_margin=&#8221;||20px||false|false&#8221; global_colors_info=&#8221;{}&#8221;]<\/p>\n<h2>Aktualno\u015bci<\/h2>\n<p>[\/et_pb_text][et_pb_blog fullwidth=&#8221;off&#8221; post_type=&#8221;wpdnews&#8221; posts_number=&#8221;9&#8243; meta_date=&#8221;d.m.Y&#8221; excerpt_length=&#8221;160&#8243; show_more=&#8221;on&#8221; show_author=&#8221;off&#8221; show_categories=&#8221;off&#8221; disabled_on=&#8221;off|off|off&#8221; module_class=&#8221;et_blog_grid_equal_height&#8221; _builder_version=&#8221;4.11.1&#8243; _module_preset=&#8221;default&#8221; header_font=&#8221;|600|||||||&#8221; header_text_align=&#8221;center&#8221; header_text_color=&#8221;#FFFFFF&#8221; header_font_size=&#8221;19px&#8221; header_line_height=&#8221;1.2em&#8221; meta_font=&#8221;|800|||||||&#8221; meta_text_color=&#8221;#0E4B84&#8243; meta_font_size=&#8221;17px&#8221; read_more_text_color=&#8221;#FFFFFF&#8221; width=&#8221;100%&#8221; width_tablet=&#8221;100%&#8221; width_last_edited=&#8221;off|tablet&#8221; module_alignment=&#8221;center&#8221; custom_margin=&#8221;||0px||false|false&#8221; custom_padding=&#8221;||||false|false&#8221; custom_css_title=&#8221;background: #0e4b84;||margin-top: -30px;||padding: 15px;&#8221; custom_css_content=&#8221;padding: 0px 15px 20px 15px;&#8221; custom_css_post_meta=&#8221;padding: 10px 15px!important;&#8221; custom_css_read_more=&#8221;background: #00aeef;||padding: 10px 25px;||border-radius: 10px;&#8221; border_radii=&#8221;on|10px|10px|10px|10px&#8221; border_width_all=&#8221;0px&#8221; box_shadow_style=&#8221;preset1&#8243; global_colors_info=&#8221;{}&#8221;][\/et_pb_blog][\/et_pb_column][\/et_pb_row][\/et_pb_section]<\/p>\n","protected":false},"excerpt":{"rendered":"<p>B\u0105d\u017a na bie\u017c\u0105coAktualno\u015bci<\/p>\n","protected":false},"author":2,"featured_media":0,"parent":0,"menu_order":0,"comment_status":"closed","ping_status":"closed","template":"","meta":{"_acf_changed":false,"_et_pb_use_builder":"on","_et_pb_old_content":"[et_pb_section fb_built=\"1\" _builder_version=\"4.11.2\" _module_preset=\"default\" custom_padding=\"0px||||false|false\" hover_enabled=\"0\" global_colors_info=\"{}\" sticky_enabled=\"0\"][et_pb_row _builder_version=\"4.11.2\" _module_preset=\"default\" hover_enabled=\"0\" global_colors_info=\"{}\" custom_padding=\"0px||||false|false\" sticky_enabled=\"0\"][et_pb_column type=\"4_4\" _builder_version=\"4.10.7\" _module_preset=\"default\" global_colors_info=\"{}\"][et_pb_text disabled_on=\"off|off|off\" _builder_version=\"4.10.8\" _module_preset=\"default\" text_font=\"|600||on|||||\" text_text_color=\"#00AEEF\" text_font_size=\"15px\" header_2_font_size=\"34px\" text_orientation=\"center\" custom_margin=\"||20px||false|false\" global_colors_info=\"{}\"]<p>B\u0105d\u017a na bie\u017c\u0105co<\/p>[\/et_pb_text][et_pb_text disabled_on=\"off|off|off\" _builder_version=\"4.10.8\" _module_preset=\"default\" text_line_height=\"1.6em\" header_2_font=\"|600||on|||||\" header_2_text_color=\"#0e4b84\" header_2_font_size=\"34px\" text_orientation=\"center\" width=\"80%\" width_tablet=\"100%\" width_phone=\"\" width_last_edited=\"on|tablet\" module_alignment=\"center\" custom_margin=\"||20px||false|false\" global_colors_info=\"{}\"]<h2>Aktualno\u015bci<\/h2>[\/et_pb_text][et_pb_blog fullwidth=\"off\" post_type=\"wpdnews\" posts_number=\"9\" meta_date=\"d.m.Y\" excerpt_length=\"160\" show_more=\"on\" show_author=\"off\" show_categories=\"off\" disabled_on=\"off|off|off\" module_class=\"et_blog_grid_equal_height\" _builder_version=\"4.11.1\" _module_preset=\"default\" header_font=\"|600|||||||\" header_text_align=\"center\" header_text_color=\"#FFFFFF\" header_font_size=\"19px\" header_line_height=\"1.2em\" meta_font=\"|800|||||||\" meta_text_color=\"#0E4B84\" meta_font_size=\"17px\" read_more_text_color=\"#FFFFFF\" width=\"100%\" width_tablet=\"100%\" width_last_edited=\"off|tablet\" module_alignment=\"center\" custom_margin=\"||0px||false|false\" custom_padding=\"||||false|false\" custom_css_title=\"background: #0e4b84;||margin-top: -30px;||padding: 15px;\" custom_css_content=\"padding: 0px 15px 20px 15px;\" custom_css_post_meta=\"padding: 10px 15px!important;\" custom_css_read_more=\"background: #00aeef;||padding: 10px 25px;||border-radius: 10px;\" border_radii=\"on|10px|10px|10px|10px\" border_width_all=\"0px\" box_shadow_style=\"preset1\" global_colors_info=\"{}\"][\/et_pb_blog][\/et_pb_column][\/et_pb_row][\/et_pb_section]","_et_gb_content_width":"","footnotes":""},"class_list":["post-2916","page","type-page","status-publish","hentry"],"acf":[],"yoast_head":"<!-- This site is optimized with the Yoast SEO plugin v24.4 - https:\/\/yoast.com\/wordpress\/plugins\/seo\/ -->\n<title>News - xbsgroup.pl<\/title>\n<meta name=\"description\" content=\"On the news page you will find the latest information about XBS Group&#039;s activities and news from the logistics industry. Check it out now and stay up to date.\" \/>\n<meta name=\"robots\" content=\"index, follow, max-snippet:-1, max-image-preview:large, max-video-preview:-1\" \/>\n<link rel=\"canonical\" href=\"https:\/\/xbsgroup.pl\/en\/news\/\" \/>\n<meta property=\"og:locale\" content=\"en_US\" \/>\n<meta property=\"og:type\" content=\"article\" \/>\n<meta property=\"og:title\" content=\"News - xbsgroup.pl\" \/>\n<meta property=\"og:description\" content=\"On the news page you will find the latest information about XBS Group&#039;s activities and news from the logistics industry. Check it out now and stay up to date.\" \/>\n<meta property=\"og:url\" content=\"https:\/\/xbsgroup.pl\/en\/news\/\" \/>\n<meta property=\"og:site_name\" content=\"xbsgroup.pl\" \/>\n<meta property=\"article:publisher\" content=\"https:\/\/www.facebook.com\/xbsgroup\/\" \/>\n<meta property=\"article:modified_time\" content=\"2021-10-18T09:55:09+00:00\" \/>\n<meta name=\"twitter:card\" content=\"summary_large_image\" \/>\n<meta name=\"twitter:label1\" content=\"Est. reading time\" \/>\n\t<meta name=\"twitter:data1\" content=\"2 minutes\" \/>\n<script type=\"application\/ld+json\" class=\"yoast-schema-graph\">{\"@context\":\"https:\/\/schema.org\",\"@graph\":[{\"@type\":\"WebPage\",\"@id\":\"https:\/\/xbsgroup.pl\/en\/news\/\",\"url\":\"https:\/\/xbsgroup.pl\/en\/news\/\",\"name\":\"News - xbsgroup.pl\",\"isPartOf\":{\"@id\":\"https:\/\/xbsgroup.pl\/#website\"},\"datePublished\":\"2021-10-18T09:55:05+00:00\",\"dateModified\":\"2021-10-18T09:55:09+00:00\",\"description\":\"On the news page you will find the latest information about XBS Group's activities and news from the logistics industry. Check it out now and stay up to date.\",\"breadcrumb\":{\"@id\":\"https:\/\/xbsgroup.pl\/en\/news\/#breadcrumb\"},\"inLanguage\":\"en-US\",\"potentialAction\":[{\"@type\":\"ReadAction\",\"target\":[\"https:\/\/xbsgroup.pl\/en\/news\/\"]}]},{\"@type\":\"BreadcrumbList\",\"@id\":\"https:\/\/xbsgroup.pl\/en\/news\/#breadcrumb\",\"itemListElement\":[{\"@type\":\"ListItem\",\"position\":1,\"name\":\"Strona g\u0142\u00f3wna\",\"item\":\"https:\/\/xbsgroup.pl\/en\/\"},{\"@type\":\"ListItem\",\"position\":2,\"name\":\"News\"}]},{\"@type\":\"WebSite\",\"@id\":\"https:\/\/xbsgroup.pl\/#website\",\"url\":\"https:\/\/xbsgroup.pl\/\",\"name\":\"xbsgroup.pl\",\"description\":\"Skuteczna Logistyka\",\"publisher\":{\"@id\":\"https:\/\/xbsgroup.pl\/#organization\"},\"potentialAction\":[{\"@type\":\"SearchAction\",\"target\":{\"@type\":\"EntryPoint\",\"urlTemplate\":\"https:\/\/xbsgroup.pl\/?s={search_term_string}\"},\"query-input\":{\"@type\":\"PropertyValueSpecification\",\"valueRequired\":true,\"valueName\":\"search_term_string\"}}],\"inLanguage\":\"en-US\"},{\"@type\":\"Organization\",\"@id\":\"https:\/\/xbsgroup.pl\/#organization\",\"name\":\"xbsgroup.pl\",\"url\":\"https:\/\/xbsgroup.pl\/\",\"logo\":{\"@type\":\"ImageObject\",\"inLanguage\":\"en-US\",\"@id\":\"https:\/\/xbsgroup.pl\/#\/schema\/logo\/image\/\",\"url\":\"https:\/\/xbsgroup.pl\/wp-content\/uploads\/2024\/12\/xbs_logo_napis.svg\",\"contentUrl\":\"https:\/\/xbsgroup.pl\/wp-content\/uploads\/2024\/12\/xbs_logo_napis.svg\",\"width\":425,\"height\":141,\"caption\":\"xbsgroup.pl\"},\"image\":{\"@id\":\"https:\/\/xbsgroup.pl\/#\/schema\/logo\/image\/\"},\"sameAs\":[\"https:\/\/www.facebook.com\/xbsgroup\/\"]}]}<\/script>\n<!-- \/ Yoast SEO plugin. -->","yoast_head_json":{"title":"News - xbsgroup.pl","description":"On the news page you will find the latest information about XBS Group's activities and news from the logistics industry. Check it out now and stay up to date.","robots":{"index":"index","follow":"follow","max-snippet":"max-snippet:-1","max-image-preview":"max-image-preview:large","max-video-preview":"max-video-preview:-1"},"canonical":"https:\/\/xbsgroup.pl\/en\/news\/","og_locale":"en_US","og_type":"article","og_title":"News - xbsgroup.pl","og_description":"On the news page you will find the latest information about XBS Group's activities and news from the logistics industry. Check it out now and stay up to date.","og_url":"https:\/\/xbsgroup.pl\/en\/news\/","og_site_name":"xbsgroup.pl","article_publisher":"https:\/\/www.facebook.com\/xbsgroup\/","article_modified_time":"2021-10-18T09:55:09+00:00","twitter_card":"summary_large_image","twitter_misc":{"Est. reading time":"2 minutes"},"schema":{"@context":"https:\/\/schema.org","@graph":[{"@type":"WebPage","@id":"https:\/\/xbsgroup.pl\/en\/news\/","url":"https:\/\/xbsgroup.pl\/en\/news\/","name":"News - xbsgroup.pl","isPartOf":{"@id":"https:\/\/xbsgroup.pl\/#website"},"datePublished":"2021-10-18T09:55:05+00:00","dateModified":"2021-10-18T09:55:09+00:00","description":"On the news page you will find the latest information about XBS Group's activities and news from the logistics industry. Check it out now and stay up to date.","breadcrumb":{"@id":"https:\/\/xbsgroup.pl\/en\/news\/#breadcrumb"},"inLanguage":"en-US","potentialAction":[{"@type":"ReadAction","target":["https:\/\/xbsgroup.pl\/en\/news\/"]}]},{"@type":"BreadcrumbList","@id":"https:\/\/xbsgroup.pl\/en\/news\/#breadcrumb","itemListElement":[{"@type":"ListItem","position":1,"name":"Strona g\u0142\u00f3wna","item":"https:\/\/xbsgroup.pl\/en\/"},{"@type":"ListItem","position":2,"name":"News"}]},{"@type":"WebSite","@id":"https:\/\/xbsgroup.pl\/#website","url":"https:\/\/xbsgroup.pl\/","name":"xbsgroup.pl","description":"Skuteczna Logistyka","publisher":{"@id":"https:\/\/xbsgroup.pl\/#organization"},"potentialAction":[{"@type":"SearchAction","target":{"@type":"EntryPoint","urlTemplate":"https:\/\/xbsgroup.pl\/?s={search_term_string}"},"query-input":{"@type":"PropertyValueSpecification","valueRequired":true,"valueName":"search_term_string"}}],"inLanguage":"en-US"},{"@type":"Organization","@id":"https:\/\/xbsgroup.pl\/#organization","name":"xbsgroup.pl","url":"https:\/\/xbsgroup.pl\/","logo":{"@type":"ImageObject","inLanguage":"en-US","@id":"https:\/\/xbsgroup.pl\/#\/schema\/logo\/image\/","url":"https:\/\/xbsgroup.pl\/wp-content\/uploads\/2024\/12\/xbs_logo_napis.svg","contentUrl":"https:\/\/xbsgroup.pl\/wp-content\/uploads\/2024\/12\/xbs_logo_napis.svg","width":425,"height":141,"caption":"xbsgroup.pl"},"image":{"@id":"https:\/\/xbsgroup.pl\/#\/schema\/logo\/image\/"},"sameAs":["https:\/\/www.facebook.com\/xbsgroup\/"]}]}},"_links":{"self":[{"href":"https:\/\/xbsgroup.pl\/en\/wp-json\/wp\/v2\/pages\/2916","targetHints":{"allow":["GET"]}}],"collection":[{"href":"https:\/\/xbsgroup.pl\/en\/wp-json\/wp\/v2\/pages"}],"about":[{"href":"https:\/\/xbsgroup.pl\/en\/wp-json\/wp\/v2\/types\/page"}],"author":[{"embeddable":true,"href":"https:\/\/xbsgroup.pl\/en\/wp-json\/wp\/v2\/users\/2"}],"replies":[{"embeddable":true,"href":"https:\/\/xbsgroup.pl\/en\/wp-json\/wp\/v2\/comments?post=2916"}],"version-history":[{"count":3,"href":"https:\/\/xbsgroup.pl\/en\/wp-json\/wp\/v2\/pages\/2916\/revisions"}],"predecessor-version":[{"id":2919,"href":"https:\/\/xbsgroup.pl\/en\/wp-json\/wp\/v2\/pages\/2916\/revisions\/2919"}],"wp:attachment":[{"href":"https:\/\/xbsgroup.pl\/en\/wp-json\/wp\/v2\/media?parent=2916"}],"curies":[{"name":"wp","href":"https:\/\/api.w.org\/{rel}","templated":true}]}}